{"id":3106,"date":"2020-05-28T07:02:16","date_gmt":"2020-05-28T07:02:16","guid":{"rendered":"https:\/\/dev2.invian.net\/?page_id=3106"},"modified":"2023-08-28T17:36:56","modified_gmt":"2023-08-28T17:36:56","slug":"pop-reports","status":"publish","type":"page","link":"\/es\/pop-reports\/","title":{"rendered":"Reportes POP"},"content":{"rendered":"<p>[vc_row canvas=\u00bb%5B%7B%22element%22%3A%22morphin%22%2C%22shape%22%3A%22shape-4%22%2C%22image_effect%22%3A%22style-1%22%2C%22smoothness%22%3A%2230%22%2C%22class%22%3A%22index1%20rev-item%20ri5%22%7D%2C%7B%22element%22%3A%22image%22%2C%22shape%22%3A%22shape-1%22%2C%22image%22%3A%223686%22%2C%22image_width%22%3A%2265%25%22%2C%22image_post_top%22%3A%2215%25%22%2C%22image_post_right%22%3A%220%25%22%2C%22image_effect%22%3A%22style-1%22%2C%22smoothness%22%3A%2230%22%2C%22class%22%3A%22rev-item%20ri6%20index1%22%7D%5D\u00bb el_class=\u00bbfirst-row\u00bb][vc_column]\n\t\t\t<!-- START Proof of Posting REVOLUTION SLIDER 6.5.31 --><p class=\"rs-p-wp-fix\"><\/p>\n\t\t\t<rs-module-wrap id=\"rev_slider_27_1_wrapper\" data-source=\"gallery\" style=\"visibility:hidden;background:transparent;padding:0;margin:0px auto;margin-top:0;margin-bottom:0;\">\n\t\t\t\t<rs-module id=\"rev_slider_27_1\" style=\"\" data-version=\"6.5.31\">\n\t\t\t\t\t<rs-slides>\n\t\t\t\t\t\t<rs-slide style=\"position: absolute;\" data-key=\"rs-27\" data-title=\"Slide\" data-in=\"o:0;\" data-out=\"a:false;\">\n\t\t\t\t\t\t\t<img decoding=\"async\" src=\"\/\/dev.invian.net\/es\/wp-content\/plugins\/revslider\/public\/assets\/assets\/dummy.png\" alt=\"Slide\" title=\"Reportes POP\" class=\"rev-slidebg tp-rs-img rs-lazyload\" data-lazyload=\"\/\/dev.invian.net\/es\/wp-content\/plugins\/revslider\/public\/assets\/assets\/transparent.png\" data-bg=\"c:#ffffff;\" data-no-retina>\n<!--\n\t\t\t\t\t\t\t--><rs-layer\n\t\t\t\t\t\t\t\tid=\"slider-27-slide-27-layer-2\" \n\t\t\t\t\t\t\t\tclass=\"title-page\"\n\t\t\t\t\t\t\t\tdata-type=\"text\"\n\t\t\t\t\t\t\t\tdata-color=\"#000000\"\n\t\t\t\t\t\t\t\tdata-rsp_ch=\"on\"\n\t\t\t\t\t\t\t\tdata-xy=\"xo:15px,32px,46px,52px;y:m;yo:-189px,-148px,-54px,-34px;\"\n\t\t\t\t\t\t\t\tdata-text=\"w:normal;s:45,55,48,40;l:50,71,72,62;fw:200;\"\n\t\t\t\t\t\t\t\tdata-dim=\"w:570px,570px,430px,360px;\"\n\t\t\t\t\t\t\t\tdata-frame_0=\"y:50,42,31,19;\"\n\t\t\t\t\t\t\t\tdata-frame_1=\"sp:1000;\"\n\t\t\t\t\t\t\t\tdata-frame_999=\"o:0;st:w;\"\n\t\t\t\t\t\t\t\tstyle=\"z-index:7;font-family:'Poppins';\"\n\t\t\t\t\t\t\t>Reportes<br \/>\n<strong>Proof of Posting<\/strong> \n\t\t\t\t\t\t\t<\/rs-layer><!--\n\n\t\t\t\t\t\t\t--><rs-layer\n\t\t\t\t\t\t\t\tid=\"slider-27-slide-27-layer-3\" \n\t\t\t\t\t\t\t\tclass=\"subtitle-page\"\n\t\t\t\t\t\t\t\tdata-type=\"text\"\n\t\t\t\t\t\t\t\tdata-color=\"#000000\"\n\t\t\t\t\t\t\t\tdata-xy=\"xo:15px,32px,46px,52px;y:m;yo:-88px,24px,145px,105px;\"\n\t\t\t\t\t\t\t\tdata-text=\"w:normal;s:18,24,20,18;l:30,45,38,28;\"\n\t\t\t\t\t\t\t\tdata-dim=\"w:398px,480px,320px,280px;\"\n\t\t\t\t\t\t\t\tdata-rsp_bd=\"off\"\n\t\t\t\t\t\t\t\tdata-frame_0=\"y:50,42,31,19;\"\n\t\t\t\t\t\t\t\tdata-frame_1=\"st:500;sp:1000;\"\n\t\t\t\t\t\t\t\tdata-frame_999=\"o:0;st:w;\"\n\t\t\t\t\t\t\t\tstyle=\"z-index:8;font-family:'Poppins';\"\n\t\t\t\t\t\t\t>Genera reportes de certificaci\u00f3n de tus campa\u00f1as (D)OOH, con im\u00e1genes y videos. \n\t\t\t\t\t\t\t<\/rs-layer><!--\n\n\t\t\t\t\t\t\t--><a\n\t\t\t\t\t\t\t\tid=\"slider-27-slide-27-layer-4\" \n\t\t\t\t\t\t\t\tclass=\"rs-layer demobutton-page button-header rev-btn\"\n\t\t\t\t\t\t\t\thref=\"\/es\/get-a-free-demo\" target=\"_self\" rel=\"nofollow\"\n\t\t\t\t\t\t\t\tdata-type=\"button\"\n\t\t\t\t\t\t\t\tdata-xy=\"xo:15px,32px,46px,52px;y:m;yo:2px,169px,323px,236px;\"\n\t\t\t\t\t\t\t\tdata-text=\"w:normal;s:16,18,18,18;l:20,30,30,30;fw:600;\"\n\t\t\t\t\t\t\t\tdata-dim=\"minh:0px,none,none,none;\"\n\t\t\t\t\t\t\t\tdata-rsp_bd=\"off\"\n\t\t\t\t\t\t\t\tdata-padding=\"t:10,9,7,4;r:20,17,13,8;b:10,9,7,4;l:20,17,13,8;\"\n\t\t\t\t\t\t\t\tdata-border=\"bor:60px,60px,60px,60px;\"\n\t\t\t\t\t\t\t\tdata-frame_0=\"y:50,42,31,19;\"\n\t\t\t\t\t\t\t\tdata-frame_1=\"st:1000;sp:1000;\"\n\t\t\t\t\t\t\t\tdata-frame_999=\"o:0;st:w;\"\n\t\t\t\t\t\t\t\tdata-frame_hover=\"bgc:linear-gradient(rgba(13,104,236,1) 0%, rgba(13,104,236,1) 100%);bor:60px,60px,60px,60px;sp:100;e:power1.inOut;bri:100%;\"\n\t\t\t\t\t\t\t\tstyle=\"z-index:9;background:linear-gradient(90deg, rgba(28,54,147,1) 0%, rgba(28,54,147,1) 100%);font-family:'Poppins';\"\n\t\t\t\t\t\t\t>Obtener una<br \/>\nPrueba Gratuita \n\t\t\t\t\t\t\t<\/a><!--\n-->\t\t\t\t\t\t<\/rs-slide>\n\t\t\t\t\t<\/rs-slides>\n\t\t\t\t<\/rs-module>\n\t\t\t\t<script>\n\t\t\t\t\tsetREVStartSize({c: 'rev_slider_27_1',rl:[1240,1024,778,480],el:[800,960,860,600],gw:[1200,1024,778,480],gh:[800,960,600,600],type:'standard',justify:'',layout:'fullwidth',mh:\"0\"});if (window.RS_MODULES!==undefined && window.RS_MODULES.modules!==undefined && window.RS_MODULES.modules[\"revslider271\"]!==undefined) {window.RS_MODULES.modules[\"revslider271\"].once = false;window.revapi27 = undefined;if (window.RS_MODULES.checkMinimal!==undefined) window.RS_MODULES.checkMinimal()}\n\t\t\t\t<\/script>\n\t\t\t<\/rs-module-wrap>\n\t\t\t<!-- END REVOLUTION SLIDER -->\n[\/vc_column][\/vc_row][vc_row full_width=\u00bbstretch_row\u00bb canvas=\u00bb%5B%7B%22shape%22%3A%22shape-1%22%2C%22image_effect%22%3A%22style-1%22%2C%22smoothness%22%3A%2230%22%7D%5D\u00bb][vc_column]<div class=\"deeper-spacer clearfix\" data-config='{\"mobile\":50,\"smobile\":50}'><\/div><h2 class=\"deeper-text align-left row-title wow fadeInUp\" style=\"font-size:24px;margin-bottom:0px;\"  data-wow-duration=\"0.75s\" data-wow-delay=\"0.3s\"><p style=\"text-align: center;\"><strong>Automatiza tus reportes para pantallas est\u00e1ticas y digitales<\/strong><\/span>\n<\/h2>[\/vc_column][\/vc_row][vc_row full_width=\u00bbstretch_row\u00bb canvas=\u00bb%5B%7B%22shape%22%3A%22shape-1%22%2C%22image_effect%22%3A%22style-1%22%2C%22smoothness%22%3A%2230%22%7D%5D\u00bb el_class=\u00bbbg-gradient\u00bb][vc_column]<div class=\"deeper-text align-left row-content wow fadeInUp\" style=\"margin-bottom:0px;\"  data-wow-duration=\"0.75s\" data-wow-delay=\"0.3s\"><p style=\"text-align: center;\">Reduce el proceso de certificaci\u00f3n de semanas a segundos<\/span>\n<\/div><div class=\"deeper-spacer clearfix\" data-config='{\"desktop\":50,\"mobile\":20,\"smobile\":50}'><\/div>\n\t\t\t<div class=\"deeper-carousel-box  column-3 column2-2 column3-1 column4-1 gap-100 testimonial-custom-width center-mode has-bullets bullet-offset-30 bullet-center wow fadeInUp\" data-config='{\"cellAlign\":\"center\",\"autoPlay\":false,\"fullAside\":true,\"wrapAround\":false,\"groupCells\":false,\"pageDots\":true}' data-wow-duration=\"0.75s\" data-wow-delay=\"0.3s\">\n\t\t\t\t\n\t\t\t<div class=\"deeper-testimonial-box style-9 align-center \" >\n\t\t\t\t\t\t\t\t\t\n\t\t\t\t\t\t<div class=\"texts\" style=\"overflow:hidden;border-radius:10px;\">\n\t\t\t\t\t\t<div class=\"comment\" style=\"color:#0a0a0a;\">\n\t\t\t\t\t<p><img loading=\"lazy\" decoding=\"async\" class=\"alignnone wp-image-3726 size-full\" src=\"https:\/\/www.invian.net\/es\/wp-content\/uploads\/2023\/04\/POP-1.webp\" alt=\"\" width=\"1200\" height=\"688\" srcset=\"\/es\/wp-content\/uploads\/2023\/04\/POP-1.webp 1200w, \/es\/wp-content\/uploads\/2023\/04\/POP-1-300x172.webp 300w, \/es\/wp-content\/uploads\/2023\/04\/POP-1-1024x587.webp 1024w, \/es\/wp-content\/uploads\/2023\/04\/POP-1-768x440.webp 768w\" sizes=\"auto, (max-width: 1200px) 100vw, 1200px\" \/><\/p>\n\n\t\t\t\t<\/div>\t\t\t\t\t\t\t<div class=\"author-wrap clearfix\">\n\t\t\t\t\t\t\t\t\n\t\t\t\t\t\t\t\t<div class=\"author-info\">\n\t\t\t\t\t\t\t\t\t\t\t\t\t\t\t\t\t<\/div><!-- \/.autho-info -->\n\n\t\t\t\t\t\t\t\t\n\t\t\t\t\t\t\t<\/div><!-- \/.author-wrap -->\n\t\t\t\t\t\t<\/div><!-- \/.texts -->\n\t\t\t\t\t\t\t\t\t<\/div><!-- \/.deeper-testimonial-box -->\n\n\t\t\t\n\t\t\t<div class=\"deeper-testimonial-box style-9 align-center \" >\n\t\t\t\t\t\t\t\t\t\n\t\t\t\t\t\t<div class=\"texts\" style=\"overflow:hidden;border-radius:10px;\">\n\t\t\t\t\t\t<div class=\"comment\" style=\"color:#0a0a0a;\">\n\t\t\t\t\t<p><img loading=\"lazy\" decoding=\"async\" class=\"alignnone wp-image-3727 size-full\" src=\"https:\/\/www.invian.net\/es\/wp-content\/uploads\/2023\/04\/POP-2.webp\" alt=\"\" width=\"1200\" height=\"688\" srcset=\"\/es\/wp-content\/uploads\/2023\/04\/POP-2.webp 1200w, \/es\/wp-content\/uploads\/2023\/04\/POP-2-300x172.webp 300w, \/es\/wp-content\/uploads\/2023\/04\/POP-2-1024x587.webp 1024w, \/es\/wp-content\/uploads\/2023\/04\/POP-2-768x440.webp 768w\" sizes=\"auto, (max-width: 1200px) 100vw, 1200px\" \/><\/p>\n\n\t\t\t\t<\/div>\t\t\t\t\t\t\t<div class=\"author-wrap clearfix\">\n\t\t\t\t\t\t\t\t\n\t\t\t\t\t\t\t\t<div class=\"author-info\">\n\t\t\t\t\t\t\t\t\t\t\t\t\t\t\t\t\t<\/div><!-- \/.autho-info -->\n\n\t\t\t\t\t\t\t\t\n\t\t\t\t\t\t\t<\/div><!-- \/.author-wrap -->\n\t\t\t\t\t\t<\/div><!-- \/.texts -->\n\t\t\t\t\t\t\t\t\t<\/div><!-- \/.deeper-testimonial-box -->\n\n\t\t\t\n\t\t\t<div class=\"deeper-testimonial-box style-9 align-center \" >\n\t\t\t\t\t\t\t\t\t\n\t\t\t\t\t\t<div class=\"texts\" style=\"overflow:hidden;border-radius:10px;\">\n\t\t\t\t\t\t<div class=\"comment\" style=\"color:#0a0a0a;\">\n\t\t\t\t\t<p><img loading=\"lazy\" decoding=\"async\" class=\"alignnone wp-image-3728 size-full\" src=\"https:\/\/www.invian.net\/es\/wp-content\/uploads\/2023\/04\/POP-3.webp\" alt=\"\" width=\"1200\" height=\"687\" srcset=\"\/es\/wp-content\/uploads\/2023\/04\/POP-3.webp 1200w, \/es\/wp-content\/uploads\/2023\/04\/POP-3-300x172.webp 300w, \/es\/wp-content\/uploads\/2023\/04\/POP-3-1024x586.webp 1024w, \/es\/wp-content\/uploads\/2023\/04\/POP-3-768x440.webp 768w\" sizes=\"auto, (max-width: 1200px) 100vw, 1200px\" \/><\/p>\n\n\t\t\t\t<\/div>\t\t\t\t\t\t\t<div class=\"author-wrap clearfix\">\n\t\t\t\t\t\t\t\t\n\t\t\t\t\t\t\t\t<div class=\"author-info\">\n\t\t\t\t\t\t\t\t\t\t\t\t\t\t\t\t\t<\/div><!-- \/.autho-info -->\n\n\t\t\t\t\t\t\t\t\n\t\t\t\t\t\t\t<\/div><!-- \/.author-wrap -->\n\t\t\t\t\t\t<\/div><!-- \/.texts -->\n\t\t\t\t\t\t\t\t\t<\/div><!-- \/.deeper-testimonial-box -->\n\n\t\t\t\t\t\t<\/div><!-- \/.deeper-carousel-box -->\n\n\t\t\t<div class=\"deeper-spacer clearfix\" data-config='{\"desktop\":50,\"mobile\":50,\"smobile\":50}'><\/div>[\/vc_column][\/vc_row][vc_row full_width=\u00bbstretch_row\u00bb canvas=\u00bb%5B%7B%22shape%22%3A%22shape-1%22%2C%22image_effect%22%3A%22style-1%22%2C%22smoothness%22%3A%2230%22%7D%5D\u00bb css=\u00bb.vc_custom_1676581399153{background-color: #1c3693 !important;}\u00bb][vc_column][vc_single_image image=\u00bb3731&#8243; img_size=\u00bbfull\u00bb alignment=\u00bbcenter\u00bb]<div class=\"deeper-spacer clearfix\" data-config='{\"desktop\":60,\"mobile\":60,\"smobile\":60}'><\/div>[\/vc_column][\/vc_row][vc_row][vc_column]<div class=\"deeper-spacer clearfix\" data-config='{\"desktop\":50,\"mobile\":5,\"smobile\":5}'><\/div>[\/vc_column][\/vc_row][vc_row][vc_column width=\u00bb1\/2&#8243;]<div class=\"deeper-content-box clearfix ctb-1313622336 wow fadeInUp\" style=\"\" data-config='{\"padding\":\"0 0 0 5%\",\"mobiPadding\":\"0\",\"margin\":\"0\",\"mobiMargin\":\"0\",\"borderStyleHover\":\"solid\"}' data-wow-duration=\"0.75s\" data-wow-delay=\"0.3s\">\r\n\t\t\t\t\t<div class=\"inner \" style=\"\">\r\n\t\t\t\t\t\t<h2 class=\"deeper-text align-left row-title\" style=\"font-size:32px;margin-bottom:30px;\" ><span><strong>Lleva tus reportes POP<\/strong><br \/>\na un siguiente nivel<\/span>\n<\/h2><div class=\"deeper-text align-left row-content\" style=\"margin-bottom:0px;\" ><ul>\n<li>Realiza comprobaciones por imagen y video para tu inventario est\u00e1tico y digital.<\/li>\n<li>Genera certificaciones para todas tus campa\u00f1as, a trav\u00e9s de nuestra app disponible en IOS y Android.<\/li>\n<li>Descarga reportes en formato PDF, PPT, ZIP, etc., y env\u00edalos a tus clientes de forma autom\u00e1tica.<\/li>\n<li>Gestiona m\u00faltiples filtros por campa\u00f1as, artes e inventarios.<\/li>\n<li>Aprovecha la integraci\u00f3n con m\u00faltiples gestores de contenido (CMS) y el gestor de trabajo ViiA Task.<\/li>\n<li>Genera un historial de reportes para conseguir un mayor orden y seguridad<\/li>\n<\/ul>\n<\/div>\r\n\t\t\t\t\t<\/div>\r\n\t\t\t\t\t\r\n\t\t\t\t<\/div>[\/vc_column][vc_column width=\u00bb1\/2&#8243;][vc_row_inner equal_height=\u00bbyes\u00bb content_placement=\u00bbmiddle\u00bb][vc_column_inner css=\u00bb.vc_custom_1676493721077{padding-left: 30px !important;}\u00bb]<div class=\"deeper-spacer clearfix\" data-config='{\"desktop\":100,\"mobile\":50,\"smobile\":50}'><\/div><div class=\"deeper-fancy-image reveal  rl  stretch ctb-1041404556\"  data-config='{\"stretchRight\":\"-10%\"}' data-inviewport=\"yes\">\r\n\t\t\t\t\t\t\t<figure style=\"\"><img decoding=\"async\" alt=\"image\" src=\"\/es\/wp-content\/uploads\/2023\/04\/Reportes-POP-seccion-3.webp\" \/> <\/figure>\r\n\t\t\t\t\t\t<\/div><div class=\"deeper-spacer clearfix\" data-config='{\"mobile\":60,\"smobile\":60}'><\/div>[\/vc_column_inner][\/vc_row_inner][\/vc_column][\/vc_row][vc_row][vc_column]<div class=\"deeper-spacer clearfix\" data-config='{\"desktop\":50,\"mobile\":50,\"smobile\":50}'><\/div>[\/vc_column][\/vc_row][vc_row bg_custom=\u00bbrow-1300&#8243; bg_color=\u00bb#1c3693&#8243; bg_rounded=\u00bb30px\u00bb canvas=\u00bb%5B%7B%22shape%22%3A%22shape-1%22%2C%22image_effect%22%3A%22style-1%22%2C%22smoothness%22%3A%2230%22%7D%5D\u00bb css=\u00bb.vc_custom_1681757750873{padding-top: 50px !important;padding-right: 50px !important;padding-bottom: 50px !important;padding-left: 50px !important;background-color: #1c3693 !important;}\u00bb el_class=\u00bbcustom-row-1300 row-gray campains-content\u00bb][vc_column]<div class=\"deeper-spacer clearfix\" data-config='{\"desktop\":50,\"mobile\":50,\"smobile\":50}'><\/div><div class=\"deeper-text align-center color-white text-has-width wow fadeInUp\" style=\"margin-bottom:0px;max-width:600px;color:#ffffff;\"  data-wow-duration=\"0.75s\" data-wow-delay=\"0.3s\"><span>Potencia tus reportes POP con un<\/span>\n<\/div><h2 class=\"deeper-text align-center color-white wow fadeInUp\" style=\"font-size:30px;margin-bottom:30px;color:#ffffff;\"  data-wow-duration=\"0.75s\" data-wow-delay=\"0.3s\"><span><strong>Live streaming de campa\u00f1as en pantallas digitales<\/strong><\/span>\n<\/h2><div class=\"deeper-spacer clearfix\" data-config='{\"desktop\":60,\"mobile\":20,\"smobile\":20}'><\/div><div class=\"deeper-fancy-image simple  hide-mobile\" style=\"border-radius:40px;overflow:hidden;text-align:center; margin:0 auto;\" >\r\n\t\t\t\t\t\t\t<img decoding=\"async\" alt=\"image\" src=\"\/es\/wp-content\/uploads\/2023\/04\/ViiA-Live-PC-y-Laptop-e.webp\" \/> \r\n\t\t\t\t\t\t<\/div><div class=\"deeper-fancy-image simple  hide-desktop\" style=\"border-radius:40px;overflow:hidden;text-align:center; margin:0 auto;\" >\r\n\t\t\t\t\t\t\t<img decoding=\"async\" alt=\"image\" src=\"\/es\/wp-content\/uploads\/2023\/04\/ViiA-Live.webp\" \/> \r\n\t\t\t\t\t\t<\/div><div class=\"deeper-spacer clearfix\" data-config='{\"desktop\":50,\"mobile\":50,\"smobile\":50}'><\/div>[\/vc_column][\/vc_row]<\/p>\n","protected":false},"excerpt":{"rendered":"<p>[vc_row canvas=\u00bb%5B%7B%22element%22%3A%22morphin%22%2C%22shape%22%3A%22shape-4%22%2C%22image_effect%22%3A%22style-1%22%2C%22smoothness%22%3A%2230%22%2C%22class%22%3A%22index1%20rev-item%20ri5%22%7D%2C%7B%22element%22%3A%22image%22%2C%22shape%22%3A%22shape-1%22%2C%22image%22%3A%223686%22%2C%22image_width%22%3A%2265%25%22%2C%22image_post_top%22%3A%2215%25%22%2C%22image_post_right%22%3A%220%25%22%2C%22image_effect%22%3A%22style-1%22%2C%22smoothness%22%3A%2230%22%2C%22class%22%3A%22rev-item%20ri6%20index1%22%7D%5D\u00bb el_class=\u00bbfirst-row\u00bb][vc_column][\/vc_column][\/vc_row][vc_row full_width=\u00bbstretch_row\u00bb canvas=\u00bb%5B%7B%22shape%22%3A%22shape-1%22%2C%22image_effect%22%3A%22style-1%22%2C%22smoothness%22%3A%2230%22%7D%5D\u00bb][vc_column][\/vc_column][\/vc_row][vc_row full_width=\u00bbstretch_row\u00bb canvas=\u00bb%5B%7B%22shape%22%3A%22shape-1%22%2C%22image_effect%22%3A%22style-1%22%2C%22smoothness%22%3A%2230%22%7D%5D\u00bb el_class=\u00bbbg-gradient\u00bb][vc_column][\/vc_column][\/vc_row][vc_row full_width=\u00bbstretch_row\u00bb canvas=\u00bb%5B%7B%22shape%22%3A%22shape-1%22%2C%22image_effect%22%3A%22style-1%22%2C%22smoothness%22%3A%2230%22%7D%5D\u00bb css=\u00bb.vc_custom_1676581399153{background-color: #1c3693 !important;}\u00bb][vc_column][vc_single_image image=\u00bb3731&#8243; img_size=\u00bbfull\u00bb alignment=\u00bbcenter\u00bb][\/vc_column][\/vc_row][vc_row][vc_column][\/vc_column][\/vc_row][vc_row][vc_column width=\u00bb1\/2&#8243;][\/vc_column][vc_column width=\u00bb1\/2&#8243;][vc_row_inner equal_height=\u00bbyes\u00bb content_placement=\u00bbmiddle\u00bb][vc_column_inner css=\u00bb.vc_custom_1676493721077{padding-left: 30px !important;}\u00bb][\/vc_column_inner][\/vc_row_inner][\/vc_column][\/vc_row][vc_row][vc_column][\/vc_column][\/vc_row][vc_row bg_custom=\u00bbrow-1300&#8243; bg_color=\u00bb#1c3693&#8243; bg_rounded=\u00bb30px\u00bb canvas=\u00bb%5B%7B%22shape%22%3A%22shape-1%22%2C%22image_effect%22%3A%22style-1%22%2C%22smoothness%22%3A%2230%22%7D%5D\u00bb css=\u00bb.vc_custom_1681757750873{padding-top: 50px !important;padding-right: 50px !important;padding-bottom: 50px !important;padding-left: 50px !important;background-color: #1c3693 !important;}\u00bb el_class=\u00bbcustom-row-1300 row-gray campains-content\u00bb][vc_column][\/vc_column][\/vc_row]<\/p>\n","protected":false},"author":1,"featured_media":0,"parent":0,"menu_order":0,"comment_status":"closed","ping_status":"closed","template":"","meta":{"inline_featured_image":false,"footnotes":""},"class_list":["post-3106","page","type-page","status-publish","hentry"],"acf":[],"meta_box":{"custom_header_logo":false,"logo_width":"","header_style":"","header_background":"","header_extra":"","header_button_extra":"","hide_featured_title":"1","featured_title_bg":[],"custom_featured_title":"","page_layout":"no-sidebar","page_sidebar":"sidebar-page","main_content_bg":"","main_content_bg_img":[],"hide_padding_content":"1","hide_footer":"0","footer_bg":"","footer_bg_img":[],"footer_class":"","bottom_bar_style":"","bottom_bg":"","bottom_class":""},"_links":{"self":[{"href":"\/es\/wp-json\/wp\/v2\/pages\/3106","targetHints":{"allow":["GET"]}}],"collection":[{"href":"\/es\/wp-json\/wp\/v2\/pages"}],"about":[{"href":"\/es\/wp-json\/wp\/v2\/types\/page"}],"author":[{"embeddable":true,"href":"\/es\/wp-json\/wp\/v2\/users\/1"}],"replies":[{"embeddable":true,"href":"\/es\/wp-json\/wp\/v2\/comments?post=3106"}],"version-history":[{"count":82,"href":"\/es\/wp-json\/wp\/v2\/pages\/3106\/revisions"}],"predecessor-version":[{"id":3915,"href":"\/es\/wp-json\/wp\/v2\/pages\/3106\/revisions\/3915"}],"wp:attachment":[{"href":"\/es\/wp-json\/wp\/v2\/media?parent=3106"}],"curies":[{"name":"wp","href":"https:\/\/api.w.org\/{rel}","templated":true}]}}