{"id":3157,"date":"2020-05-28T07:02:16","date_gmt":"2020-05-28T07:02:16","guid":{"rendered":"https:\/\/dev2.invian.net\/?page_id=3157"},"modified":"2023-08-28T17:35:28","modified_gmt":"2023-08-28T17:35:28","slug":"internal-processes","status":"publish","type":"page","link":"\/es\/internal-processes\/","title":{"rendered":"Procesos Internos"},"content":{"rendered":"<p>[vc_row canvas=\u00bb%5B%7B%22element%22%3A%22morphin%22%2C%22shape%22%3A%22shape-4%22%2C%22image_effect%22%3A%22style-1%22%2C%22smoothness%22%3A%2230%22%2C%22class%22%3A%22index1%20rev-item%20ri5%22%7D%2C%7B%22element%22%3A%22image%22%2C%22shape%22%3A%22shape-1%22%2C%22image%22%3A%223310%22%2C%22image_width%22%3A%2260%25%22%2C%22image_post_top%22%3A%2215%25%22%2C%22image_post_right%22%3A%220%25%22%2C%22image_effect%22%3A%22style-1%22%2C%22smoothness%22%3A%2230%22%2C%22class%22%3A%22rev-item%20ri6%20index1%22%7D%5D\u00bb el_class=\u00bbfirst-row\u00bb][vc_column]\n\t\t\t<!-- START Procesos Internos REVOLUTION SLIDER 6.5.31 --><p class=\"rs-p-wp-fix\"><\/p>\n\t\t\t<rs-module-wrap id=\"rev_slider_28_1_wrapper\" data-source=\"gallery\" style=\"visibility:hidden;background:transparent;padding:0;margin:0px auto;margin-top:0;margin-bottom:0;\">\n\t\t\t\t<rs-module id=\"rev_slider_28_1\" style=\"\" data-version=\"6.5.31\">\n\t\t\t\t\t<rs-slides>\n\t\t\t\t\t\t<rs-slide style=\"position: absolute;\" data-key=\"rs-28\" data-title=\"Slide\" data-in=\"o:0;\" data-out=\"a:false;\">\n\t\t\t\t\t\t\t<img decoding=\"async\" src=\"\/\/dev.invian.net\/es\/wp-content\/plugins\/revslider\/public\/assets\/assets\/dummy.png\" alt=\"Slide\" title=\"Procesos Internos\" class=\"rev-slidebg tp-rs-img rs-lazyload\" data-lazyload=\"\/\/dev.invian.net\/es\/wp-content\/plugins\/revslider\/public\/assets\/assets\/transparent.png\" data-bg=\"c:#ffffff;\" data-no-retina>\n<!--\n\t\t\t\t\t\t\t--><rs-layer\n\t\t\t\t\t\t\t\tid=\"slider-28-slide-28-layer-2\" \n\t\t\t\t\t\t\t\tclass=\"title-page\"\n\t\t\t\t\t\t\t\tdata-type=\"text\"\n\t\t\t\t\t\t\t\tdata-color=\"#000000\"\n\t\t\t\t\t\t\t\tdata-rsp_ch=\"on\"\n\t\t\t\t\t\t\t\tdata-xy=\"xo:15px,32px,46px,52px;y:m;yo:-186px,-148px,-54px,-20px;\"\n\t\t\t\t\t\t\t\tdata-text=\"w:normal;s:45,55,48,40;l:50,71,72,50;fw:200;\"\n\t\t\t\t\t\t\t\tdata-dim=\"w:570px,570px,430px,360px;\"\n\t\t\t\t\t\t\t\tdata-frame_0=\"y:50,42,31,19;\"\n\t\t\t\t\t\t\t\tdata-frame_1=\"sp:1000;\"\n\t\t\t\t\t\t\t\tdata-frame_999=\"o:0;st:w;\"\n\t\t\t\t\t\t\t\tstyle=\"z-index:7;font-family:'Poppins';\"\n\t\t\t\t\t\t\t>Procesos<br \/>\n<strong>Internos<\/strong> \n\t\t\t\t\t\t\t<\/rs-layer><!--\n\n\t\t\t\t\t\t\t--><rs-layer\n\t\t\t\t\t\t\t\tid=\"slider-28-slide-28-layer-3\" \n\t\t\t\t\t\t\t\tclass=\"subtitle-page\"\n\t\t\t\t\t\t\t\tdata-type=\"text\"\n\t\t\t\t\t\t\t\tdata-color=\"#000000\"\n\t\t\t\t\t\t\t\tdata-xy=\"xo:15px,32px,46px,52px;y:m;yo:-73px,24px,145px,130px;\"\n\t\t\t\t\t\t\t\tdata-text=\"w:normal;s:18,24,20,18;l:30,45,38,28;\"\n\t\t\t\t\t\t\t\tdata-dim=\"w:500px,480px,320px,280px;\"\n\t\t\t\t\t\t\t\tdata-rsp_bd=\"off\"\n\t\t\t\t\t\t\t\tdata-frame_0=\"y:50,42,31,19;\"\n\t\t\t\t\t\t\t\tdata-frame_1=\"st:500;sp:1000;\"\n\t\t\t\t\t\t\t\tdata-frame_999=\"o:0;st:w;\"\n\t\t\t\t\t\t\t\tstyle=\"z-index:8;font-family:'Poppins';\"\n\t\t\t\t\t\t\t>Organiza procesos operativos y comerciales en un mismo flujo de trabajo, asegurando un seguimiento en tiempo real de tu inventario. \n\t\t\t\t\t\t\t<\/rs-layer><!--\n\n\t\t\t\t\t\t\t--><a\n\t\t\t\t\t\t\t\tid=\"slider-28-slide-28-layer-4\" \n\t\t\t\t\t\t\t\tclass=\"rs-layer demobutton-page button-header rev-btn\"\n\t\t\t\t\t\t\t\thref=\"\/es\/get-a-free-demo\" target=\"_self\" rel=\"nofollow\"\n\t\t\t\t\t\t\t\tdata-type=\"button\"\n\t\t\t\t\t\t\t\tdata-xy=\"xo:15px,32px,46px,52px;y:m;yo:29px,169px,323px,251px;\"\n\t\t\t\t\t\t\t\tdata-text=\"w:normal;s:16,18,18,18;l:20,30,30,30;fw:600;\"\n\t\t\t\t\t\t\t\tdata-dim=\"minh:0px,none,none,none;\"\n\t\t\t\t\t\t\t\tdata-rsp_bd=\"off\"\n\t\t\t\t\t\t\t\tdata-padding=\"t:10,9,7,4;r:20,17,13,8;b:10,9,7,4;l:20,17,13,8;\"\n\t\t\t\t\t\t\t\tdata-border=\"bor:60px,60px,60px,60px;\"\n\t\t\t\t\t\t\t\tdata-frame_0=\"y:50,42,31,19;\"\n\t\t\t\t\t\t\t\tdata-frame_1=\"st:1000;sp:1000;\"\n\t\t\t\t\t\t\t\tdata-frame_999=\"o:0;st:w;\"\n\t\t\t\t\t\t\t\tdata-frame_hover=\"bgc:linear-gradient(rgba(13,104,236,1) 0%, rgba(13,104,236,1) 100%);bor:60px,60px,60px,60px;sp:100;e:power1.inOut;bri:100%;\"\n\t\t\t\t\t\t\t\tstyle=\"z-index:9;background:linear-gradient(90deg, rgba(28,54,147,1) 0%, rgba(28,54,147,1) 100%);font-family:'Poppins';\"\n\t\t\t\t\t\t\t>Obtener una<br \/>\nPrueba Gratuita \n\t\t\t\t\t\t\t<\/a><!--\n-->\t\t\t\t\t\t<\/rs-slide>\n\t\t\t\t\t<\/rs-slides>\n\t\t\t\t<\/rs-module>\n\t\t\t\t<script>\n\t\t\t\t\tsetREVStartSize({c: 'rev_slider_28_1',rl:[1240,1024,778,480],el:[800,960,860,600],gw:[1200,1024,778,480],gh:[800,960,600,600],type:'standard',justify:'',layout:'fullwidth',mh:\"0\"});if (window.RS_MODULES!==undefined && window.RS_MODULES.modules!==undefined && window.RS_MODULES.modules[\"revslider281\"]!==undefined) {window.RS_MODULES.modules[\"revslider281\"].once = false;window.revapi28 = undefined;if (window.RS_MODULES.checkMinimal!==undefined) window.RS_MODULES.checkMinimal()}\n\t\t\t\t<\/script>\n\t\t\t<\/rs-module-wrap>\n\t\t\t<!-- END REVOLUTION SLIDER -->\n[\/vc_column][\/vc_row][vc_row][vc_column]<div class=\"deeper-spacer clearfix\" data-config='{\"desktop\":40,\"mobile\":80,\"smobile\":80}'><\/div>[\/vc_column][\/vc_row][vc_row canvas=\u00bb%5B%7B%22shape%22%3A%22shape-1%22%2C%22image_effect%22%3A%22style-1%22%2C%22smoothness%22%3A%2230%22%7D%5D\u00bb el_class=\u00bbaccordion-effect\u00bb][vc_column width=\u00bb1\/2&#8243;]<div class=\"deeper-content-box clearfix ctb-645805565 wow fadeIn\" style=\"\" data-config='{\"padding\":\"0 0 0 100px\",\"mobiPadding\":\"0 0 0 0px\",\"margin\":\"0\",\"mobiMargin\":\"0\",\"borderStyleHover\":\"solid\"}' data-wow-duration=\"0.75s\" data-wow-delay=\"0.3s\">\r\n\t\t\t\t\t<div class=\"inner \" style=\"\">\r\n\t\t\t\t\t\t<h2 class=\"deeper-text align-left \" style=\"font-size:36px;margin-bottom:0px;\" ><span>Encuentra<br \/>\n<strong>la mejor soluci\u00f3n <\/strong><br \/>\n<strong>para tu equipo<\/strong><\/span>\n<\/h2><div class=\"deeper-spacer clearfix\" data-config='{\"desktop\":20,\"mobile\":20,\"smobile\":20}'><\/div><div class=\"deeper-text align-left \" style=\"margin-bottom:0px;\" ><span>Solicita una demo gratuita de 15 d\u00edas.<\/span>\n<\/div><div class=\"deeper-spacer clearfix\" data-config='{\"desktop\":60,\"mobile\":50,\"smobile\":40}'><\/div><div class=\"deeper-fancy-image simple  image-destiny\" style=\"\" >\r\n\t\t\t\t\t\t\t<img decoding=\"async\" alt=\"image\" src=\"\/es\/wp-content\/uploads\/2023\/04\/trans.png\" \/> \r\n\t\t\t\t\t\t<\/div>\r\n\t\t\t\t\t<\/div>\r\n\t\t\t\t\t\r\n\t\t\t\t<\/div>[\/vc_column][vc_column width=\u00bb1\/2&#8243;]\n\t\t\t<div class=\"deeper-testimonial-box style-10 align-center \" >\n\t\t\t\t\n\t\t\t\t\t\t<div class=\"texts\" style=\"\">\n\t\t\t\t\t\t<h3 class=\"title \" style=\"\">\n\t\t\t\t\tViiA Screen\n\t\t\t\t<\/h3><div class=\"comment\" style=\"\">\n\t\t\t\t\t<p>Mide la disponibilidad operativa, confiabilidad y tiempos de respuesta de tus pantallas digitales.<\/p>\n<ul>\n<li>Detecta fallos de m\u00f3dulos, colores est\u00e1ticos, pantallas congeladas o apagadas.<\/li>\n<li>Registra las incidencias con capturas de imagen generadas a trav\u00e9s de la c\u00e1mara IP.<\/li>\n<li>Notifica autom\u00e1ticamente a tu equipo t\u00e9cnico asignado, a trav\u00e9s de nuestra aplicaci\u00f3n m\u00f3vil o por correo electr\u00f3nico.<\/li>\n<li>Genera informes que midan los tiempos de respuesta ante incidencias, y la disponibilidad y fiabilidad de las pantallas y equipo t\u00e9cnico.<\/li>\n<\/ul>\n\n\t\t\t\t<\/div><div class=\"rating\">\n\t\t\t\t\t\t<img decoding=\"async\" style =\"\" src=\"\/es\/wp-content\/uploads\/2023\/03\/ViiA-Screen.webp\" alt=\"Star\">\n\t\t\t\t\t<\/div>\t\t\t\t\t\t<\/div><!-- \/.texts -->\n\n\t\t\t\t\t\t<div class=\"author-info\">\n\t\t\t\t\t\t\t\t\t\t\t\t\t\t\t<\/div><!-- \/.author-info -->\n\t\t\t\t\t\t\t\t\t<\/div><!-- \/.deeper-testimonial-box -->\n\n\t\t\t\n\t\t\t<div class=\"deeper-testimonial-box style-10 align-center \" >\n\t\t\t\t\n\t\t\t\t\t\t<div class=\"texts\" style=\"\">\n\t\t\t\t\t\t<h3 class=\"title \" style=\"\">\n\t\t\t\t\tViiA Health\n\t\t\t\t<\/h3><div class=\"comment\" style=\"\">\n\t\t\t\t\t<p>Gestiona de forma remota todos tus recursos inform\u00e1ticos y centraliza la informaci\u00f3n de tu inventario digital.<\/p>\n<ul>\n<li>Comprueba el estado de tus recursos inform\u00e1ticos como procesamiento, memoria RAM, almacenamiento o temperatura.<\/li>\n<li>Gestiona listas de aplicaciones que deben o no ejecutarse, y genera acciones autom\u00e1ticas al detectar actividad no autorizada.<\/li>\n<li>Fortalece el control de accesos con una capa adicional de seguridad que complemente el software AnyDesk.<\/li>\n<\/ul>\n\n\t\t\t\t<\/div><div class=\"rating\">\n\t\t\t\t\t\t<img decoding=\"async\" style =\"\" src=\"\/es\/wp-content\/uploads\/2023\/03\/ViiA-Health.webp\" alt=\"Star\">\n\t\t\t\t\t<\/div>\t\t\t\t\t\t<\/div><!-- \/.texts -->\n\n\t\t\t\t\t\t<div class=\"author-info\">\n\t\t\t\t\t\t\t\t\t\t\t\t\t\t\t<\/div><!-- \/.author-info -->\n\t\t\t\t\t\t\t\t\t<\/div><!-- \/.deeper-testimonial-box -->\n\n\t\t\t\n\t\t\t<div class=\"deeper-testimonial-box style-10 align-center \" >\n\t\t\t\t\n\t\t\t\t\t\t<div class=\"texts\" style=\"\">\n\t\t\t\t\t\t<h3 class=\"title \" style=\"\">\n\t\t\t\t\tViiA Task\n\t\t\t\t<\/h3><div class=\"comment\" style=\"\">\n\t\t\t\t\t<p>Centraliza los flujos de trabajo y aumenta la productividad de tu equipo operativo, a trav\u00e9s de un gestor de proyectos dise\u00f1ado exclusivamente por y para empresas OOH.<\/p>\n<ul>\n<li>Planifica la disponibilidad de tu inventario est\u00e1tico y digital.<\/li>\n<li>Centraliza el trabajo comercial y operativo en un mismo ecosistema.<\/li>\n<li>Gestiona la distribuci\u00f3n de contenidos a trav\u00e9s de \u00f3rdenes y rutas de trabajo.<\/li>\n<li>Realiza un seguimiento del costo operativo de tu inventario.<\/li>\n<li>F\u00e1cil integraci\u00f3n a herramientas Proof Of Posting (POP).<\/li>\n<\/ul>\n\n\t\t\t\t<\/div><div class=\"rating\">\n\t\t\t\t\t\t<img decoding=\"async\" style =\"\" src=\"\/es\/wp-content\/uploads\/2023\/03\/ViiA-Task.webp\" alt=\"Star\">\n\t\t\t\t\t<\/div>\t\t\t\t\t\t<\/div><!-- \/.texts -->\n\n\t\t\t\t\t\t<div class=\"author-info\">\n\t\t\t\t\t\t\t\t\t\t\t\t\t\t\t<\/div><!-- \/.author-info -->\n\t\t\t\t\t\t\t\t\t<\/div><!-- \/.deeper-testimonial-box -->\n\n\t\t\t\n\t\t\t<div class=\"deeper-testimonial-box style-10 align-center \" >\n\t\t\t\t\n\t\t\t\t\t\t<div class=\"texts\" style=\"\">\n\t\t\t\t\t\t<h3 class=\"title \" style=\"\">\n\t\t\t\t\tViiA Board\n\t\t\t\t<\/h3><div class=\"comment\" style=\"\">\n\t\t\t\t\t<p>Otorga a tus clientes un servicio all-in-one sobre tu inventario est\u00e1tico: desde la creaci\u00f3n y distribuci\u00f3n de campa\u00f1as, hasta la instalaci\u00f3n y revisi\u00f3n de informes auditados.<\/p>\n<ul>\n<li>Administra la disponibilidad a trav\u00e9s de periodos de tiempo.<\/li>\n<li>Evita coaliciones entre anunciantes.<\/li>\n<li>Informa restricciones sobre tu inventario est\u00e1tico.<\/li>\n<li>Gestiona montajes y desmontajes de contenidos.<\/li>\n<li>F\u00e1cil integraci\u00f3n con herramientas Proof Of Posting (POP).<\/li>\n<\/ul>\n\n\t\t\t\t<\/div><div class=\"rating\">\n\t\t\t\t\t\t<img decoding=\"async\" style =\"\" src=\"\/es\/wp-content\/uploads\/2023\/03\/ViiA-Board.webp\" alt=\"Star\">\n\t\t\t\t\t<\/div>\t\t\t\t\t\t<\/div><!-- \/.texts -->\n\n\t\t\t\t\t\t<div class=\"author-info\">\n\t\t\t\t\t\t\t\t\t\t\t\t\t\t\t<\/div><!-- \/.author-info -->\n\t\t\t\t\t\t\t\t\t<\/div><!-- \/.deeper-testimonial-box -->\n\n\t\t\t[\/vc_column][\/vc_row]<\/p>\n","protected":false},"excerpt":{"rendered":"<p>[vc_row canvas=\u00bb%5B%7B%22element%22%3A%22morphin%22%2C%22shape%22%3A%22shape-4%22%2C%22image_effect%22%3A%22style-1%22%2C%22smoothness%22%3A%2230%22%2C%22class%22%3A%22index1%20rev-item%20ri5%22%7D%2C%7B%22element%22%3A%22image%22%2C%22shape%22%3A%22shape-1%22%2C%22image%22%3A%223310%22%2C%22image_width%22%3A%2260%25%22%2C%22image_post_top%22%3A%2215%25%22%2C%22image_post_right%22%3A%220%25%22%2C%22image_effect%22%3A%22style-1%22%2C%22smoothness%22%3A%2230%22%2C%22class%22%3A%22rev-item%20ri6%20index1%22%7D%5D\u00bb el_class=\u00bbfirst-row\u00bb][vc_column][\/vc_column][\/vc_row][vc_row][vc_column][\/vc_column][\/vc_row][vc_row canvas=\u00bb%5B%7B%22shape%22%3A%22shape-1%22%2C%22image_effect%22%3A%22style-1%22%2C%22smoothness%22%3A%2230%22%7D%5D\u00bb el_class=\u00bbaccordion-effect\u00bb][vc_column width=\u00bb1\/2&#8243;][\/vc_column][vc_column width=\u00bb1\/2&#8243;][\/vc_column][\/vc_row]<\/p>\n","protected":false},"author":1,"featured_media":0,"parent":0,"menu_order":0,"comment_status":"closed","ping_status":"closed","template":"","meta":{"inline_featured_image":false,"footnotes":""},"class_list":["post-3157","page","type-page","status-publish","hentry"],"acf":[],"meta_box":{"custom_header_logo":false,"logo_width":"","header_style":"","header_background":"","header_extra":"","header_button_extra":"","hide_featured_title":"1","featured_title_bg":[],"custom_featured_title":"","page_layout":"no-sidebar","page_sidebar":"sidebar-page","main_content_bg":"","main_content_bg_img":[],"hide_padding_content":"1","hide_footer":"0","footer_bg":"","footer_bg_img":[],"footer_class":"","bottom_bar_style":"","bottom_bg":"","bottom_class":""},"_links":{"self":[{"href":"\/es\/wp-json\/wp\/v2\/pages\/3157","targetHints":{"allow":["GET"]}}],"collection":[{"href":"\/es\/wp-json\/wp\/v2\/pages"}],"about":[{"href":"\/es\/wp-json\/wp\/v2\/types\/page"}],"author":[{"embeddable":true,"href":"\/es\/wp-json\/wp\/v2\/users\/1"}],"replies":[{"embeddable":true,"href":"\/es\/wp-json\/wp\/v2\/comments?post=3157"}],"version-history":[{"count":26,"href":"\/es\/wp-json\/wp\/v2\/pages\/3157\/revisions"}],"predecessor-version":[{"id":3849,"href":"\/es\/wp-json\/wp\/v2\/pages\/3157\/revisions\/3849"}],"wp:attachment":[{"href":"\/es\/wp-json\/wp\/v2\/media?parent=3157"}],"curies":[{"name":"wp","href":"https:\/\/api.w.org\/{rel}","templated":true}]}}